{"id":1298,"date":"2021-11-16T13:34:38","date_gmt":"2021-11-16T16:34:38","guid":{"rendered":"https:\/\/ifdcpaez-lrj.infd.edu.ar\/sitio\/?page_id=1298"},"modified":"2021-12-16T23:31:53","modified_gmt":"2021-12-17T02:31:53","slug":"salida-de-campo-con-estudiantes-de-la-tecnicatura-en-gestion-ambiental","status":"publish","type":"page","link":"https:\/\/ifdcpaez-lrj.infd.edu.ar\/sitio\/salida-de-campo-con-estudiantes-de-la-tecnicatura-en-gestion-ambiental\/","title":{"rendered":"Salida de campo con estudiantes de la Tecnicatura en Gesti\u00f3n Ambiental"},"content":{"rendered":"\n<div class=\"wp-block-columns is-layout-flex wp-container-2\">\n<div class=\"wp-block-column is-layout-flow\" style=\"flex-basis:100%\"><\/div>\n<\/div>\n\n\n<p style=\"text-align: justify;\">El d\u00eda 27 de de octubre del corriente a\u00f1o se realizo la salida de campo con estudiantes de la Tecnicatura en Gesti\u00f3n Ambiental. En la tarde de ayer se realiz\u00f3 una actividad de reconocimiento de flora del Embalse Lateral de la ciudad de Villa Uni\u00f3n, con la participaci\u00f3n de docentes y estudiantes de la Tecnicatura Superior en Gesti\u00f3n Ambiental del ISFDyT \u201cEusebio N. Paez\u00bb y orientada por personal del Departamento de Conservaci\u00f3n y Uso P\u00fablico del Parque Nacional Talampaya. Esta acci\u00f3n, es parte de un proyecto interdisciplinario que los y las estudiantes est\u00e1n realizando en este ultimo tramo del a\u00f1o lectivo. En la salida de campo se pudieron identificar y caracterizar especies nativas como algarrobo, jarilla, brea y ex\u00f3ticas como el tamarisco; para cada una de ellas se confeccionaron fichas de especies con sus caracter\u00edsticas y usos. Para finalizar el recorrido y a modo de cierre, todo el grupo particip\u00f3 en un juego ambiental denominado \u201cPiedra, papel y tijera\u201d pero que se realiza con todo el cuerpo y adaptado con elementos del ambiente.<\/p>\n<p>\u00a0<\/p>\n\n\n<div class=\"wp-block-image\"><figure class=\"aligncenter size-large\"><img decoding=\"async\" loading=\"lazy\" width=\"577\" height=\"1280\" src=\"https:\/\/ifdcpaez-lrj.infd.edu.ar\/sitio\/wp-content\/uploads\/2021\/11\/guardia4.jpg\" alt=\"\" class=\"wp-image-1299\" srcset=\"https:\/\/ifdcpaez-lrj.infd.edu.ar\/sitio\/wp-content\/uploads\/2021\/11\/guardia4.jpg 577w, https:\/\/ifdcpaez-lrj.infd.edu.ar\/sitio\/wp-content\/uploads\/2021\/11\/guardia4-451x1000.jpg 451w\" sizes=\"(max-width: 577px) 100vw, 577px\" \/><\/figure><\/div>\n","protected":false},"excerpt":{"rendered":"<p>El d\u00eda 27 de de octubre del corriente a\u00f1o se realizo la salida de campo con estudiantes de la Tecnicatura en Gesti\u00f3n Ambiental. En la tarde de ayer se realiz\u00f3 una actividad de reconocimiento de flora del Embalse Lateral de la ciudad de Villa Uni\u00f3n, con la participaci\u00f3n de docentes y estudiantes de la Tecnicatura &#8230; <a title=\"Salida de campo con estudiantes de la Tecnicatura en Gesti\u00f3n Ambiental\" class=\"read-more\" href=\"https:\/\/ifdcpaez-lrj.infd.edu.ar\/sitio\/salida-de-campo-con-estudiantes-de-la-tecnicatura-en-gestion-ambiental\/\" aria-label=\"More on Salida de campo con estudiantes de la Tecnicatura en Gesti\u00f3n Ambiental\">[+]<\/a><\/p>\n","protected":false},"author":381,"featured_media":0,"parent":0,"menu_order":0,"comment_status":"closed","ping_status":"closed","template":"","meta":[],"acf":[],"_links":{"self":[{"href":"https:\/\/ifdcpaez-lrj.infd.edu.ar\/sitio\/wp-json\/wp\/v2\/pages\/1298"}],"collection":[{"href":"https:\/\/ifdcpaez-lrj.infd.edu.ar\/sitio\/wp-json\/wp\/v2\/pages"}],"about":[{"href":"https:\/\/ifdcpaez-lrj.infd.edu.ar\/sitio\/wp-json\/wp\/v2\/types\/page"}],"author":[{"embeddable":true,"href":"https:\/\/ifdcpaez-lrj.infd.edu.ar\/sitio\/wp-json\/wp\/v2\/users\/381"}],"replies":[{"embeddable":true,"href":"https:\/\/ifdcpaez-lrj.infd.edu.ar\/sitio\/wp-json\/wp\/v2\/comments?post=1298"}],"version-history":[{"count":4,"href":"https:\/\/ifdcpaez-lrj.infd.edu.ar\/sitio\/wp-json\/wp\/v2\/pages\/1298\/revisions"}],"predecessor-version":[{"id":1847,"href":"https:\/\/ifdcpaez-lrj.infd.edu.ar\/sitio\/wp-json\/wp\/v2\/pages\/1298\/revisions\/1847"}],"wp:attachment":[{"href":"https:\/\/ifdcpaez-lrj.infd.edu.ar\/sitio\/wp-json\/wp\/v2\/media?parent=1298"}],"curies":[{"name":"wp","href":"https:\/\/api.w.org\/{rel}","templated":true}]}}