{"id":1927,"date":"2022-03-10T11:48:39","date_gmt":"2022-03-10T14:48:39","guid":{"rendered":"https:\/\/ifdcpaez-lrj.infd.edu.ar\/sitio\/?page_id=1927"},"modified":"2022-03-10T12:06:42","modified_gmt":"2022-03-10T15:06:42","slug":"lengua-y-literatura-estudiantes","status":"publish","type":"page","link":"https:\/\/ifdcpaez-lrj.infd.edu.ar\/sitio\/lengua-y-literatura-estudiantes\/","title":{"rendered":"Lengua y Literatura &#8211; Estudiantes"},"content":{"rendered":"\n<p class=\"has-text-align-center\"><strong>HORARIOS PRESENCIALES A\u00d1O 2022<\/strong><\/p>\n\n\n\n<p><strong>HORARIOS PRIMER A\u00d1O<\/strong><\/p>\n\n\n\n<figure class=\"wp-block-table\"><table><tbody><tr><td><strong>HORA<\/strong><\/td><td><strong>LUNES<\/strong><\/td><td><strong>MARTES<\/strong><\/td><td><strong>MI\u00c9RCOLES<\/strong><\/td><td><strong>JUEVES<\/strong><\/td><td><strong>VIERNES<\/strong><\/td><\/tr><tr><td><strong>17 a 17,30 hs<\/strong><\/td><td><strong>&nbsp;<\/strong><\/td><td><strong>&nbsp;<\/strong><\/td><td><strong>&nbsp;<\/strong><\/td><td><strong>Filosof\u00eda \u2013 Prof. Emanuel Chanampe<\/strong><\/td><td><strong>&nbsp;<\/strong><\/td><\/tr><tr><td><strong>17,30 a 18 hs<\/strong><\/td><td><strong>&nbsp;<\/strong><\/td><td><strong>&nbsp;<\/strong><\/td><td><strong>&nbsp;<\/strong><\/td><td><strong>Filosof\u00eda \u2013 Prof. Emanuel Chanampe<\/strong><\/td><td><strong>&nbsp;<\/strong><\/td><\/tr><tr><td><strong>18 A 18,30<\/strong><\/td><td><strong>&nbsp;<\/strong><\/td><td><strong>&nbsp;<\/strong><\/td><td><strong>Introducci\u00f3n&nbsp; a&nbsp; la literatura<\/strong> <strong>Profesor Mart\u00edn Villagr\u00e1n<\/strong><\/td><td><strong>Practica I<\/strong> <strong>Profesora N\u00e9lida de la Vega<\/strong><\/td><td><strong>&nbsp;<\/strong><\/td><\/tr><tr><td><strong>18,30 A 19<\/strong><\/td><td><strong>Taller de Lectura y Escritura acad\u00e9mica-<\/strong> <strong>Profesores Luis Villagra y Mart\u00edn Villagr\u00e1n<\/strong><\/td><td><strong>Introducci\u00f3n&nbsp; a&nbsp; la literatura \u2013<\/strong> <strong>Profesor Mart\u00edn Villagr\u00e1n<\/strong><\/td><td><strong>Introducci\u00f3n&nbsp; a&nbsp; la literatura<\/strong> <strong>Profesor Mart\u00edn Villagr\u00e1n<\/strong><\/td><td><strong>Practica I<\/strong> <strong>Profesora N\u00e9lida de la Vega<\/strong><\/td><td><strong>Literatura Cl\u00e1sica Grecolatina<\/strong> <strong>Profesora Itat\u00edCassina<\/strong> <strong>&nbsp;<\/strong><\/td><\/tr><tr><td><strong>19,10 A 19,40<\/strong><\/td><td><strong>Ling\u00fc\u00edstica I<\/strong> <strong>Profesor Mart\u00edn Villagr\u00e1n<\/strong><\/td><td><strong>Introducci\u00f3n&nbsp; a la literatura<\/strong> <strong>Profesor Mart\u00edn Villagr\u00e1n<\/strong><\/td><td><strong>Literatura Cl\u00e1sica Grecolatina<\/strong> <strong>Profesora Itat\u00edCassina<\/strong><\/td><td><strong>Practica I<\/strong> <strong>Profesora N\u00e9lida de la Vega<\/strong><\/td><td><strong>Literatura Cl\u00e1sica Grecolatina<\/strong> <strong>Profesora Itat\u00edCassina<\/strong> <strong>&nbsp;<\/strong><\/td><\/tr><tr><td><strong>19,40 a 20,10<\/strong><\/td><td><strong>Ling\u00fc\u00edstica I<\/strong> <strong>Profesor Mart\u00edn Villagr\u00e1n<\/strong><\/td><td><strong>Pedagog\u00eda<\/strong> <strong>Profesora Paula Villafa\u00f1e<\/strong><\/td><td><strong>Pedagog\u00eda<\/strong> <strong>Profesora Paula Villafa\u00f1e<\/strong><\/td><td><strong>Practica I<\/strong> <strong>Profesora N\u00e9lida de la Vega<\/strong><\/td><td><strong>Literatura Cl\u00e1sica Grecolatina<\/strong> <strong>Profesora Itat\u00edCassina<\/strong><\/td><\/tr><tr><td><strong>20,20 a20,50<\/strong><\/td><td><strong>&nbsp;<\/strong><\/td><td><strong>Ling\u00fc\u00edstica I<\/strong> <strong>Profesor Mart\u00edn Villagr\u00e1n<\/strong><\/td><td><strong>Pedagog\u00eda<\/strong> <strong>Profesora Paula Villafa\u00f1e<\/strong><\/td><td><strong>Taller de Lectura y Escritura acad\u00e9mica<\/strong> <strong>Profesores Itat\u00edCassina y Luis Villagra<\/strong><\/td><td><strong>&nbsp;<\/strong><\/td><\/tr><tr><td><strong>20,50 A 21,20<\/strong><\/td><td><strong>&nbsp;<\/strong><\/td><td><strong>Ling\u00fc\u00edstica I<\/strong> <strong>Profesor Mart\u00edn Villagr\u00e1n<\/strong><\/td><td><strong>Pedagog\u00eda<\/strong> <strong>Profesora Paula Villafa\u00f1e<\/strong><\/td><td><strong>Taller de Lectura y Escritura acad\u00e9mica<\/strong> <strong>Profesores Itat\u00edCassina y Luis Villagra<\/strong><\/td><td><strong>&nbsp;<\/strong><\/td><\/tr><\/tbody><\/table><\/figure>\n\n\n\n<p><\/p>\n\n\n\n<p><strong>HORARIOS SEGUNDO A\u00d1O<\/strong><\/p>\n\n\n\n<figure class=\"wp-block-table\"><table><tbody><tr><td><strong>17,30 a 18 hs<\/strong><\/td><td><strong>&nbsp;<\/strong><\/td><td><strong>Suj de la EducacSec<\/strong> <strong>Prof. &nbsp;Roxana de la Vega<\/strong><\/td><td><strong>Ling\u00fc\u00edstica&nbsp; II<\/strong> <strong>Prof.&nbsp; Karina Banegas<\/strong><\/td><td><strong>&nbsp;<\/strong><\/td><td><strong>Pr\u00e1ctica II<\/strong> <strong>Prof. Emanuel Chanampe<\/strong><\/td><\/tr><tr><td><strong>18 A 18,30<\/strong><\/td><td><strong>Ps. Educacional<\/strong> <strong>Prof. Paula Villafa\u00f1e<\/strong><\/td><td><strong>Gram\u00e1tica I<\/strong> <strong>Prof. Karina Banegas<\/strong><\/td><td><strong>Ling\u00fc\u00edstica&nbsp; II<\/strong> <strong>Prof.&nbsp; Karina Banegas<\/strong><\/td><td><strong>Did\u00e1ctica&nbsp; General<\/strong> <strong>Prof. Emanuel Chananpe<\/strong><\/td><td><strong>Pr\u00e1ctica II<\/strong> <strong>Prof. Emanuel Chanampe<\/strong><\/td><\/tr><tr><td><strong>18,30 A 19<\/strong><\/td><td><strong>Ps. Educacional<\/strong> <strong>Prof. Paula Villafa\u00f1e<\/strong><\/td><td><strong>Gram\u00e1tica I<\/strong> <strong>Prof. Karina Banegas<\/strong><\/td><td><strong>Ling\u00fc\u00edstica&nbsp; II<\/strong> <strong>Prof.&nbsp; Karina Banegas<\/strong><\/td><td><strong>Did\u00e1ctica&nbsp; General<\/strong> <strong>Prof. Emanuel Chananpe<\/strong><\/td><td><strong>Pr\u00e1ctica II<\/strong> <strong>Prof. Emanuel Chanampe<\/strong><\/td><\/tr><tr><td><strong>19,10 A 19,40<\/strong><\/td><td><strong>Ps. Educacional<\/strong> <strong>Prof. Paula Villafa\u00f1e<\/strong><\/td><td><strong>Ps. Educacional<\/strong> <strong>Prof. Paula Villafa\u00f1e<\/strong><\/td><td><strong>Ling\u00fc\u00edstica&nbsp; II<\/strong> <strong>Prof.&nbsp; Karina Banegas<\/strong><\/td><td><strong>Lit. Latinoamericana<\/strong> <strong>Prof.&nbsp; Mart\u00edn Villagr\u00e1n<\/strong><\/td><td><strong>Pr\u00e1ctica II<\/strong> <strong>Prof. Emanuel Chanampe<\/strong><\/td><\/tr><tr><td><strong>19,40 a 20,10<\/strong><\/td><td><strong>Gram\u00e1tica I<\/strong> <strong>Prof. Karina Banegas<\/strong><\/td><td><strong>Suj de la EducacSec<\/strong> <strong>Prof. &nbsp;Roxana de la Vega<\/strong><\/td><td><strong>Did\u00e1ctica&nbsp; General<\/strong> <strong>Prof. Emanuel Chananpe<\/strong><\/td><td><strong>Lit. Latinoamericana<\/strong> <strong>Prof.&nbsp; Mart\u00edn Villagr\u00e1n<\/strong><\/td><td><strong>Pr\u00e1ctica II<\/strong> <strong>Prof. Emanuel Chanampe<\/strong><\/td><\/tr><tr><td><strong>20,20 a20,50<\/strong><\/td><td><strong>Gram\u00e1tica I<\/strong> <strong>Prof. Karina Banegas<\/strong><\/td><td><strong>Suj de la EducacSec<\/strong> <strong>Prof. &nbsp;Roxana de la Vega<\/strong><\/td><td><strong>Did\u00e1ctica&nbsp; General<\/strong> <strong>Prof. Emanuel Chananpe<\/strong><\/td><td><strong>Lit. Latinoamericana<\/strong> <strong>Prof.&nbsp; Mart\u00edn Villagr\u00e1n<\/strong><\/td><td><strong>Pr\u00e1ctica II<\/strong> <strong>Prof. Emanuel Chanampe<\/strong><\/td><\/tr><tr><td><strong>20,50 A 21,20<\/strong><\/td><td><strong>Gram\u00e1tica I<\/strong> <strong>Prof. Karina Banegas<\/strong><\/td><td><strong>Suj de la EducacSec<\/strong> <strong>Prof. &nbsp;Roxana de la Vega<\/strong><\/td><td><strong>Did\u00e1ctica&nbsp; General<\/strong> <strong>Prof. Emanuel Chananpe<\/strong><\/td><td><strong>Lit. Latinoamericana<\/strong> <strong>Prof.&nbsp; Mart\u00edn Villagr\u00e1n<\/strong><\/td><td><strong>Lit. Latinoamericana<\/strong> <strong>Prof.&nbsp; Mart\u00edn Villagr\u00e1n<\/strong><\/td><\/tr><\/tbody><\/table><\/figure>\n\n\n\n<p><\/p>\n\n\n\n<p><strong>HORARIOS TERCER A\u00d1O&nbsp;<\/strong><\/p>\n\n\n\n<figure class=\"wp-block-table\"><table><tbody><tr><td><strong>HORA<\/strong><\/td><td><strong>LUNES<\/strong><\/td><td><strong>MARTES<\/strong><\/td><td><strong>MI\u00c9RCOLES<\/strong><\/td><td><strong>JUEVES<\/strong><\/td><td><strong>VIERNES<\/strong><\/td><\/tr><tr><td><strong>17 a 17,30<\/strong><\/td><td><strong>&nbsp;<\/strong><\/td><td><strong>Historia&nbsp; y Pol\u00edtica de la Ed Argentina<\/strong> <strong>Prof.&nbsp; Emanuel Chanampe<\/strong><\/td><td><strong>Sociolog\u00eda \u2013 Prof. Emanuel Chanampe<\/strong><\/td><td><strong>&nbsp;<\/strong><\/td><td><strong>&nbsp;<\/strong><\/td><\/tr><tr><td><strong>17,30 a 18<\/strong><\/td><td><strong>&nbsp;<\/strong><\/td><td><strong>Historia&nbsp; y Pol\u00edtica de la Ed Argentina<\/strong> <strong>Prof.&nbsp; Emanuel Chanampe<\/strong><\/td><td><strong>Sociolog\u00eda \u2013 Prof. Emanuel Chanampe<\/strong><\/td><td><strong>Did\u00e1ctica de Lengua y la Literatura II<\/strong> <strong>Prof. Mart\u00edn Villagr\u00e1n<\/strong><\/td><td><strong>Literatura Argentina<\/strong> <strong>Prof. Mart\u00edn Villagr\u00e1n<\/strong><\/td><\/tr><tr><td><strong>18 A 18,30<\/strong><\/td><td><strong>&nbsp;<\/strong><\/td><td><strong>Did\u00e1ctica de Lengua y la Literatura II<\/strong> <strong>Prof. Mart\u00edn Villagr\u00e1n<\/strong><\/td><td><strong>Taller Oralidad, lect y Esc<\/strong> <strong>Prof. Itat\u00edCassina<\/strong><\/td><td><strong>Did\u00e1ctica de Lengua y la Literatura II<\/strong> <strong>Prof. Mart\u00edn Villagr\u00e1n<\/strong><\/td><td><strong>Literatura Argentina<\/strong> <strong>Prof. Mart\u00edn Villagr\u00e1n<\/strong><\/td><\/tr><tr><td><strong>18,30 A 19<\/strong><\/td><td><strong>&nbsp;<\/strong><\/td><td><strong>Pr\u00e1ctica III<\/strong> <strong>Prof. Itat\u00edCassina y Adriana Vaca<\/strong><\/td><td><strong>Taller Oralidad, lect y Esc<\/strong> <strong>Prof. Itat\u00edCassina<\/strong><\/td><td><strong>Did\u00e1ctica de Lengua y la Literatura II<\/strong> <strong>Prof. Mart\u00edn Villagr\u00e1n<\/strong><\/td><td><strong>Literatura Argentina<\/strong> <strong>Prof. Mart\u00edn Villagr\u00e1n<\/strong><\/td><\/tr><tr><td><strong>19,10 A 19,40<\/strong><\/td><td><strong>&nbsp;<\/strong><\/td><td><strong>Pr\u00e1ctica III<\/strong> <strong>Prof. Itat\u00edCassina y Adriana Vaca<\/strong><\/td><td><strong>Literatura Argentina<\/strong> <strong>Prof. Mart\u00edn Villagr\u00e1n<\/strong><\/td><td><strong>Pr\u00e1ctica III<\/strong> <strong>Prof. Itat\u00edCassina y Adriana Vaca<\/strong><\/td><td><strong>Gram\u00e1tica II<\/strong> <strong>Prof. Karina Banegas<\/strong><\/td><\/tr><tr><td><strong>19,40 a 20,10<\/strong><\/td><td><strong>Investigaci\u00f3n&nbsp; Educativa<\/strong> <strong>Prof.&nbsp; Paula Villafa\u00f1e<\/strong><\/td><td><strong>Pr\u00e1ctica III<\/strong> <strong>Prof. Itat\u00edCassina y Adriana Vaca<\/strong><\/td><td><strong>Literatura Argentina<\/strong> <strong>Prof. Mart\u00edn Villagr\u00e1n<\/strong><\/td><td><strong>Pr\u00e1ctica III<\/strong> <strong>Prof. Itat\u00edCassina y Adriana Vaca<\/strong><\/td><td><strong>Gram\u00e1tica II<\/strong> <strong>Prof. Karina Banegas<\/strong><\/td><\/tr><tr><td><strong>20,20 a20,50<\/strong><\/td><td><strong>Investigaci\u00f3n&nbsp; Educativa<\/strong> <strong>Prof.&nbsp; Paula Villafa\u00f1e<\/strong><\/td><td><strong>Taller Oralidad, lect y Esc<\/strong> <strong>Prof. Itat\u00edCassina<\/strong><\/td><td><strong>Pr\u00e1ctica III<\/strong> <strong>Prof. Itat\u00edCassina y Adriana Vaca<\/strong><\/td><td><strong>Historia&nbsp; y Pol\u00edtica de la Ed Argentina<\/strong> <strong>Prof.&nbsp; Emanuel Chanampe<\/strong><\/td><td><strong>Gram\u00e1tica II<\/strong> <strong>Prof. Karina Banegas<\/strong><\/td><\/tr><tr><td><strong>20,50 A 21,20<\/strong><\/td><td><strong>Investigaci\u00f3n&nbsp; Educativa<\/strong> <strong>Prof.&nbsp; Paula Villafa\u00f1e<\/strong><\/td><td><strong>Taller Oralidad, lect y Esc<\/strong> <strong>Prof. Itat\u00edCassina<\/strong><\/td><td><strong>Pr\u00e1ctica III<\/strong> <strong>Prof. Itat\u00edCassina y Adriana Vaca<\/strong><\/td><td><strong>Historia&nbsp; y Pol\u00edtica de la Ed Argentina<\/strong> <strong>Prof.&nbsp; Emanuel Chanampe<\/strong><\/td><td><strong>Gram\u00e1tica II<\/strong> <strong>Prof. Karina Banegas<\/strong><\/td><\/tr><\/tbody><\/table><\/figure>\n\n\n\n<p><\/p>\n\n\n\n<p><strong>HORARIOS CUARTO A\u00d1O<\/strong><\/p>\n\n\n\n<figure class=\"wp-block-table\"><table><tbody><tr><td><strong>HORA<\/strong><\/td><td><strong>LUNES<\/strong><\/td><td><strong>MARTES<\/strong><\/td><td><strong>MI\u00c9RCOLES<\/strong><\/td><td><strong>JUEVES<\/strong><\/td><td><strong>VIERNES<\/strong><\/td><\/tr><tr><td><strong>17,30 a 18<\/strong><\/td><td><strong>Taller: Lit. para&nbsp; ni\u00f1os y j\u00f3venes<\/strong> <strong>Prof. Itat\u00edCassina y Mart\u00edn Villagr\u00e1n<\/strong><\/td><td><strong>Taller:Lit. para&nbsp; ni\u00f1os y j\u00f3venes<\/strong> <strong>Prof. Itat\u00edCassina y Mart\u00edn Villagr\u00e1n<\/strong><\/td><td><strong>&nbsp;<\/strong><\/td><td><strong>&nbsp;<\/strong><\/td><td><strong>Literatura Espa\u00f1ola<\/strong> <strong>Prof. Itat\u00edCassina<\/strong><\/td><\/tr><tr><td><strong>18 A 18,30<\/strong><\/td><td><strong>Taller:Lit. para&nbsp; ni\u00f1os y j\u00f3venes<\/strong> <strong>Prof. Itat\u00edCassina y Mart\u00edn Villagr\u00e1n<\/strong><\/td><td><strong>Taller:Lit. para&nbsp; ni\u00f1os y j\u00f3venes<\/strong> <strong>Prof. Itat\u00edCassina<\/strong><\/td><td><strong>\u00c9tica y Deont. Docente Prof.Paula Villafa\u00f1e<\/strong><\/td><td><strong>Literatura Espa\u00f1ola<\/strong> <strong>Prof. Itat\u00edCassina<\/strong><\/td><td><strong>Literatura Espa\u00f1ola<\/strong> <strong>Prof. Itat\u00edCassina<\/strong><\/td><\/tr><tr><td><strong>18,30 A 19<\/strong><\/td><td><strong>Seminario: Semi\u00f3tica<\/strong> <strong>Prof.&nbsp; Luis Villagra<\/strong><\/td><td><strong>\u00c9tica y Deont. Docente Prof.Paula Villafa\u00f1e<\/strong><\/td><td><strong>\u00c9tica y Deont. Docente Prof.Paula Villafa\u00f1e<\/strong><\/td><td><strong>Literatura Espa\u00f1ola<\/strong> <strong>Prof. Itat\u00edCassina<\/strong><\/td><td><strong>Historia de la Lengua<\/strong> <strong>Prof. Karina Banegas<\/strong><\/td><\/tr><tr><td><strong>19,10 A 19,40<\/strong><\/td><td><strong>Seminario: Semi\u00f3tica<\/strong> <strong>Prof.&nbsp; Luis Villagra<\/strong><\/td><td><strong>Teor\u00eda y cr\u00edtica literaria Prof.KarinaBanegas<\/strong><\/td><td><strong>\u00c9tica y Deont. Docente Prof.Paula Villafa\u00f1e<\/strong><\/td><td><strong>Seminario: Semi\u00f3tica<\/strong> <strong>Prof.&nbsp; Luis Villagra<\/strong><\/td><td><strong>&nbsp;<\/strong><\/td><\/tr><tr><td><strong>19,40 a 20,10<\/strong><\/td><td><strong>&nbsp;<\/strong><\/td><td><strong>Teor\u00eda y cr\u00edtica literaria Prof.KarinaBanegas<\/strong><\/td><td><strong>Historia de la Lengua<\/strong> <strong>Prof. Karina Banegas<\/strong><\/td><td><strong>Seminario: Semi\u00f3tica<\/strong> <strong>Prof.&nbsp; Luis Villagra<\/strong><\/td><td><strong>&nbsp;<\/strong><\/td><\/tr><tr><td><strong>20,20 a20,50<\/strong><\/td><td><strong>&nbsp;<\/strong><\/td><td><strong>Teor\u00eda y cr\u00edtica literaria Prof.KarinaBanegas<\/strong><\/td><td><strong>Historia de la Lengua<\/strong> <strong>Prof. Karina Banegas<\/strong><\/td><td><strong>&nbsp;<\/strong><\/td><td><strong>&nbsp;<\/strong><\/td><\/tr><tr><td><strong>20,50 A 21,20<\/strong><\/td><td><strong>&nbsp;<\/strong><\/td><td><strong>Teor\u00eda y cr\u00edtica literaria Prof.KarinaBanegas<\/strong><\/td><td><strong>Historia de la Lengua<\/strong> <strong>Prof. Karina Banegas<\/strong><\/td><td><strong>&nbsp;<\/strong><\/td><td><strong>&nbsp;<\/strong><\/td><\/tr><\/tbody><\/table><\/figure>\n","protected":false},"excerpt":{"rendered":"<p>HORARIOS PRESENCIALES A\u00d1O 2022 HORARIOS PRIMER A\u00d1O HORA LUNES MARTES MI\u00c9RCOLES JUEVES VIERNES 17 a 17,30 hs &nbsp; &nbsp; &nbsp; Filosof\u00eda \u2013 Prof. Emanuel Chanampe &nbsp; 17,30 a 18 hs &nbsp; &nbsp; &nbsp; Filosof\u00eda \u2013 Prof. Emanuel Chanampe &nbsp; 18 A 18,30 &nbsp; &nbsp; Introducci\u00f3n&nbsp; a&nbsp; la literatura Profesor Mart\u00edn Villagr\u00e1n Practica I Profesora N\u00e9lida &#8230; <a title=\"Lengua y Literatura &#8211; Estudiantes\" class=\"read-more\" href=\"https:\/\/ifdcpaez-lrj.infd.edu.ar\/sitio\/lengua-y-literatura-estudiantes\/\" aria-label=\"More on Lengua y Literatura &#8211; Estudiantes\">[+]<\/a><\/p>\n","protected":false},"author":702,"featured_media":0,"parent":0,"menu_order":0,"comment_status":"closed","ping_status":"closed","template":"","meta":[],"acf":[],"_links":{"self":[{"href":"https:\/\/ifdcpaez-lrj.infd.edu.ar\/sitio\/wp-json\/wp\/v2\/pages\/1927"}],"collection":[{"href":"https:\/\/ifdcpaez-lrj.infd.edu.ar\/sitio\/wp-json\/wp\/v2\/pages"}],"about":[{"href":"https:\/\/ifdcpaez-lrj.infd.edu.ar\/sitio\/wp-json\/wp\/v2\/types\/page"}],"author":[{"embeddable":true,"href":"https:\/\/ifdcpaez-lrj.infd.edu.ar\/sitio\/wp-json\/wp\/v2\/users\/702"}],"replies":[{"embeddable":true,"href":"https:\/\/ifdcpaez-lrj.infd.edu.ar\/sitio\/wp-json\/wp\/v2\/comments?post=1927"}],"version-history":[{"count":3,"href":"https:\/\/ifdcpaez-lrj.infd.edu.ar\/sitio\/wp-json\/wp\/v2\/pages\/1927\/revisions"}],"predecessor-version":[{"id":1941,"href":"https:\/\/ifdcpaez-lrj.infd.edu.ar\/sitio\/wp-json\/wp\/v2\/pages\/1927\/revisions\/1941"}],"wp:attachment":[{"href":"https:\/\/ifdcpaez-lrj.infd.edu.ar\/sitio\/wp-json\/wp\/v2\/media?parent=1927"}],"curies":[{"name":"wp","href":"https:\/\/api.w.org\/{rel}","templated":true}]}}