{"id":2876,"date":"2024-12-09T11:40:36","date_gmt":"2024-12-09T14:40:36","guid":{"rendered":"https:\/\/ifdcpaez-lrj.infd.edu.ar\/sitio\/?page_id=2876"},"modified":"2024-12-09T11:40:37","modified_gmt":"2024-12-09T14:40:37","slug":"perfil-del-egresado-en-energia-solar","status":"publish","type":"page","link":"https:\/\/ifdcpaez-lrj.infd.edu.ar\/sitio\/perfil-del-egresado-en-energia-solar\/","title":{"rendered":"Perfil del Egresado en Energ\u00eda Solar"},"content":{"rendered":"\n<div class=\"wp-block-columns is-layout-flex wp-container-3\">\n<div class=\"wp-block-column is-layout-flow\" style=\"flex-basis:66.66%\">\n<p>El perfil del egresado es el de un t\u00e9cnico superior en energ\u00eda solar con los conocimientos acad\u00e9micos y la destreza suficientes para colaborar en la interpretaci\u00f3n, formulaci\u00f3n e implementaci\u00f3n de proyectos que involucren el uso de la energ\u00eda solar t\u00e9rmica y fotovoltaica. Adem\u00e1s, podr\u00e1 asistir en el mantenimiento, reparaci\u00f3n y construcci\u00f3n de dichos equipos. Se preparar\u00e1 al alumno para adquirir el dominio suficiente de los contenidos conceptuales y procedimentales y de las t\u00e9cnicas necesarias para su eficiente desempe\u00f1o en las actividades antes mencionadas. Tambi\u00e9n, para que sea capaz de adaptarse a las caracter\u00edsticas culturales, socioecon\u00f3micas y de avances tecnol\u00f3gicos de un \u00e1rea laboral en constante evoluci\u00f3n, como es la de las Energ\u00edas Renovables, en los \u00e1mbitos en los que se desempe\u00f1e. Para la formaci\u00f3n integral del estudiante, la relaci\u00f3n de ense\u00f1anza-aprendizaje de las actividades previstas se sustentar\u00e1 en los valores de la honestidad, la tolerancia, el respeto al pr\u00f3jimo y a la propiedad p\u00fablica y privada, como as\u00ed tambi\u00e9n en la responsabilidad y el compromiso social. Ejercicio del t\u00edtulo en relaci\u00f3n de dependencia, con un profesional del \u00e1rea de las ingenier\u00edas o licenciaturas, a trav\u00e9s de trabajos espec\u00edficos atinentes a su perfil<strong>.<\/strong><\/p>\n<\/div>\n\n\n\n<div class=\"wp-block-column is-layout-flow\" style=\"flex-basis:33.33%\">\n<figure class=\"wp-block-image size-large is-resized\"><img decoding=\"async\" loading=\"lazy\" src=\"https:\/\/ifdcpaez-lrj.infd.edu.ar\/sitio\/wp-content\/uploads\/2024\/12\/47-4099.02-768x432.jpg\" alt=\"\" width=\"368\" height=\"207\"\/><\/figure>\n<\/div>\n<\/div>\n","protected":false},"excerpt":{"rendered":"<p>El perfil del egresado es el de un t\u00e9cnico superior en energ\u00eda solar con los conocimientos acad\u00e9micos y la destreza suficientes para colaborar en la interpretaci\u00f3n, formulaci\u00f3n e implementaci\u00f3n de proyectos que involucren el uso de la energ\u00eda solar t\u00e9rmica y fotovoltaica. Adem\u00e1s, podr\u00e1 asistir en el mantenimiento, reparaci\u00f3n y construcci\u00f3n de dichos equipos. Se &#8230; <a title=\"Perfil del Egresado en Energ\u00eda Solar\" class=\"read-more\" href=\"https:\/\/ifdcpaez-lrj.infd.edu.ar\/sitio\/perfil-del-egresado-en-energia-solar\/\" aria-label=\"More on Perfil del Egresado en Energ\u00eda Solar\">[+]<\/a><\/p>\n","protected":false},"author":702,"featured_media":0,"parent":0,"menu_order":0,"comment_status":"closed","ping_status":"closed","template":"","meta":[],"acf":[],"_links":{"self":[{"href":"https:\/\/ifdcpaez-lrj.infd.edu.ar\/sitio\/wp-json\/wp\/v2\/pages\/2876"}],"collection":[{"href":"https:\/\/ifdcpaez-lrj.infd.edu.ar\/sitio\/wp-json\/wp\/v2\/pages"}],"about":[{"href":"https:\/\/ifdcpaez-lrj.infd.edu.ar\/sitio\/wp-json\/wp\/v2\/types\/page"}],"author":[{"embeddable":true,"href":"https:\/\/ifdcpaez-lrj.infd.edu.ar\/sitio\/wp-json\/wp\/v2\/users\/702"}],"replies":[{"embeddable":true,"href":"https:\/\/ifdcpaez-lrj.infd.edu.ar\/sitio\/wp-json\/wp\/v2\/comments?post=2876"}],"version-history":[{"count":1,"href":"https:\/\/ifdcpaez-lrj.infd.edu.ar\/sitio\/wp-json\/wp\/v2\/pages\/2876\/revisions"}],"predecessor-version":[{"id":2877,"href":"https:\/\/ifdcpaez-lrj.infd.edu.ar\/sitio\/wp-json\/wp\/v2\/pages\/2876\/revisions\/2877"}],"wp:attachment":[{"href":"https:\/\/ifdcpaez-lrj.infd.edu.ar\/sitio\/wp-json\/wp\/v2\/media?parent=2876"}],"curies":[{"name":"wp","href":"https:\/\/api.w.org\/{rel}","templated":true}]}}