{"id":986,"date":"2021-10-17T23:36:37","date_gmt":"2021-10-18T02:36:37","guid":{"rendered":"https:\/\/ifdcpaez-lrj.infd.edu.ar\/sitio\/?page_id=986"},"modified":"2021-10-19T23:45:30","modified_gmt":"2021-10-20T02:45:30","slug":"profesorado-de-lengua-y-literatura","status":"publish","type":"page","link":"https:\/\/ifdcpaez-lrj.infd.edu.ar\/sitio\/profesorado-de-lengua-y-literatura\/","title":{"rendered":"Profesorado en Lengua y Literatura"},"content":{"rendered":"<h3 style=\"font-weight: 400; text-align: center;\"><span style=\"color: #ff6600;\"><b>Profesorado de Educaci\u00f3n Secundaria <\/b><b>en Lengua y Literatura<\/b><\/span><\/h3>\n<p style=\"font-weight: 400;\"><span style=\"color: #0000ff;\"><b><strong>PERFIL DEL EGRESADO<\/strong><\/b><\/span><\/p>\n<p style=\"font-weight: 400;\">El perfil del egresado de la nueva carrera aprobada en 2014, cuya formaci\u00f3n principal o campo mayor es la Lengua y la Literatura en la educaci\u00f3n secundaria, queda definido por la adquisici\u00f3n de competencias, seg\u00fan la siguiente clasificaci\u00f3n:<\/p>\n<p style=\"font-weight: 400;\">A &#8211; Competencias te\u00f3ricas, es decir, un conocimiento de la lengua espa\u00f1ola en sus aspectos fonol\u00f3gicos, morfol\u00f3gicos, sint\u00e1cticos, sem\u00e1nticos, pragm\u00e1ticos, lexicales,\u00a0\u00a0discursivos; desarrollo y estado actual de la teor\u00eda y cr\u00edtica literarias; modelos de an\u00e1lisis del discurso literario; dimensiones socio \u2013hist\u00f3rica \u2013 cultural, ling\u00fc\u00edstica y est\u00e9tica del fen\u00f3meno literario.<\/p>\n<p style=\"font-weight: 400;\">B &#8211; Competencias pr\u00e1cticas, manifiestas en un manejo adecuado y correcto de la lengua oral y escrita, tanto en los procesos de comprensi\u00f3n como de producci\u00f3n y respecto de la elecci\u00f3n de variedades y niveles de la lengua adecuados.<\/p>\n<p style=\"font-weight: 400;\">C &#8211; Competencias pedag\u00f3gico-did\u00e1cticas, es decir, el dominio de estrategias de ense\u00f1anza de la Lengua y la Literatura respecto del sujeto de la educaci\u00f3n secundaria, atendiendo a las diversidades regionales y contextos espec\u00edficos; la habilidad necesaria para dise\u00f1ar, conducir y evaluar de manera permanente el proceso de ense\u00f1anza y aprendizaje.<\/p>\n<p style=\"font-weight: 400;\">Se espera que, al finalizar su formaci\u00f3n, los alumnos se encuentren en posesi\u00f3n de los procedimientos y actitudes\u00a0\u00a0propios del uso de la lengua: la valoraci\u00f3n de la lectura y la escritura como medios privilegiados de la comunicaci\u00f3n humana, el respeto por la diversidad ling\u00fc\u00edstica y la valoraci\u00f3n de la propia lengua en todos sus aspectos y un manejo permanente de la reflexi\u00f3n metaling\u00fc\u00edstica y metaliteraria, como as\u00ed tambi\u00e9n las actitudes y procesos propios del accionar docente.<\/p>\n","protected":false},"excerpt":{"rendered":"<p>Profesorado de Educaci\u00f3n Secundaria en Lengua y Literatura PERFIL DEL EGRESADO El perfil del egresado de la nueva carrera aprobada en 2014, cuya formaci\u00f3n principal o campo mayor es la Lengua y la Literatura en la educaci\u00f3n secundaria, queda definido por la adquisici\u00f3n de competencias, seg\u00fan la siguiente clasificaci\u00f3n: A &#8211; Competencias te\u00f3ricas, es decir, &#8230; <a title=\"Profesorado en Lengua y Literatura\" class=\"read-more\" href=\"https:\/\/ifdcpaez-lrj.infd.edu.ar\/sitio\/profesorado-de-lengua-y-literatura\/\" aria-label=\"More on Profesorado en Lengua y Literatura\">[+]<\/a><\/p>\n","protected":false},"author":381,"featured_media":0,"parent":0,"menu_order":0,"comment_status":"closed","ping_status":"closed","template":"","meta":[],"acf":[],"_links":{"self":[{"href":"https:\/\/ifdcpaez-lrj.infd.edu.ar\/sitio\/wp-json\/wp\/v2\/pages\/986"}],"collection":[{"href":"https:\/\/ifdcpaez-lrj.infd.edu.ar\/sitio\/wp-json\/wp\/v2\/pages"}],"about":[{"href":"https:\/\/ifdcpaez-lrj.infd.edu.ar\/sitio\/wp-json\/wp\/v2\/types\/page"}],"author":[{"embeddable":true,"href":"https:\/\/ifdcpaez-lrj.infd.edu.ar\/sitio\/wp-json\/wp\/v2\/users\/381"}],"replies":[{"embeddable":true,"href":"https:\/\/ifdcpaez-lrj.infd.edu.ar\/sitio\/wp-json\/wp\/v2\/comments?post=986"}],"version-history":[{"count":4,"href":"https:\/\/ifdcpaez-lrj.infd.edu.ar\/sitio\/wp-json\/wp\/v2\/pages\/986\/revisions"}],"predecessor-version":[{"id":1059,"href":"https:\/\/ifdcpaez-lrj.infd.edu.ar\/sitio\/wp-json\/wp\/v2\/pages\/986\/revisions\/1059"}],"wp:attachment":[{"href":"https:\/\/ifdcpaez-lrj.infd.edu.ar\/sitio\/wp-json\/wp\/v2\/media?parent=986"}],"curies":[{"name":"wp","href":"https:\/\/api.w.org\/{rel}","templated":true}]}}